{"id":10784,"date":"2021-02-14T15:55:38","date_gmt":"2021-02-14T15:55:38","guid":{"rendered":"https:\/\/www.yourkar.es\/inicio\/"},"modified":"2021-04-05T08:08:12","modified_gmt":"2021-04-05T08:08:12","slug":"home","status":"publish","type":"page","link":"https:\/\/www.yourkar.es\/en\/","title":{"rendered":"Home"},"content":{"rendered":"<p>[vc_row full_width=&#8221;stretch_row&#8221; el_id=&#8221;services&#8221; css=&#8221;.vc_custom_1545218604702{background: #f7f7f7 url(https:\/\/www.yourkar.es\/wp-content\/uploads\/2018\/12\/ykbsky4.jpg?id=614) !important;background-position: center !important;background-repeat: no-repeat !important;background-size: cover !important;}&#8221; el_class=&#8221;yourkarslidehome&#8221;][vc_column]\n\t\t\t<!-- START Slide top Home Es REVOLUTION SLIDER 6.2.1 --><p class=\"rs-p-wp-fix\"><\/p>\n\t\t\t<rs-module-wrap id=\"rev_slider_1_1_wrapper\" data-source=\"gallery\" style=\"background:transparent;padding:0;margin:0px auto;margin-top:0;margin-bottom:0;max-width:\">\n\t\t\t\t<rs-module id=\"rev_slider_1_1\" style=\"display:none;\" data-version=\"6.2.1\">\n\t\t\t\t\t<rs-slides>\n\t\t\t\t\t\t<rs-slide data-key=\"rs-2\" data-title=\"Slide\" data-duration=\"4990\" data-anim=\"ei:d;eo:d;s:600;r:0;t:fade;sl:d;\">\n\t\t\t\t\t\t\t<img decoding=\"async\" src=\"\/\/www.yourkar.es\/wp-content\/plugins\/revslider\/public\/assets\/assets\/transparent.png\" title=\"Home\" class=\"rev-slidebg\" data-no-retina>\n<!--\n\t\t\t\t\t\t\t--><rs-layer\n\t\t\t\t\t\t\t\tid=\"slider-1-slide-2-layer-15\" \n\t\t\t\t\t\t\t\tdata-type=\"image\"\n\t\t\t\t\t\t\t\tdata-rsp_ch=\"on\"\n\t\t\t\t\t\t\t\tdata-xy=\"x:59px;y:16px;\"\n\t\t\t\t\t\t\t\tdata-text=\"l:22;a:inherit;\"\n\t\t\t\t\t\t\t\tdata-dim=\"w:520px;h:288px;\"\n\t\t\t\t\t\t\t\tdata-frame_0=\"tp:600;\"\n\t\t\t\t\t\t\t\tdata-frame_1=\"tp:600;st:2470;sp:500;sR:2470;\"\n\t\t\t\t\t\t\t\tdata-frame_999=\"o:0;tp:600;st:w;sR:2020;\"\n\t\t\t\t\t\t\t\tstyle=\"z-index:5;\"\n\t\t\t\t\t\t\t><img loading=\"lazy\" decoding=\"async\" src=\"\/\/www.yourkar.es\/wp-content\/uploads\/2018\/12\/yksun.png\" width=\"520\" height=\"288\" data-no-retina> \n\t\t\t\t\t\t\t<\/rs-layer><!--\n\n\t\t\t\t\t\t\t--><rs-layer\n\t\t\t\t\t\t\t\tid=\"slider-1-slide-2-layer-14\" \n\t\t\t\t\t\t\t\tdata-type=\"image\"\n\t\t\t\t\t\t\t\tdata-rsp_ch=\"on\"\n\t\t\t\t\t\t\t\tdata-xy=\"x:269px;y:48px;\"\n\t\t\t\t\t\t\t\tdata-text=\"s:20;l:22;a:inherit;\"\n\t\t\t\t\t\t\t\tdata-dim=\"w:437px;h:161px;\"\n\t\t\t\t\t\t\t\tdata-frame_0=\"y:bottom;o:1;tp:600;\"\n\t\t\t\t\t\t\t\tdata-frame_1=\"tp:600;st:980;sp:430;sR:980;\"\n\t\t\t\t\t\t\t\tdata-frame_999=\"o:0;tp:600;st:w;sR:3580;\"\n\t\t\t\t\t\t\t\tstyle=\"z-index:6;\"\n\t\t\t\t\t\t\t><img loading=\"lazy\" decoding=\"async\" src=\"\/\/www.yourkar.es\/wp-content\/uploads\/2018\/12\/yklcloud.png\" width=\"437\" height=\"161\" data-no-retina> \n\t\t\t\t\t\t\t<\/rs-layer><!--\n\n\t\t\t\t\t\t\t--><rs-layer\n\t\t\t\t\t\t\t\tid=\"slider-1-slide-2-layer-1\" \n\t\t\t\t\t\t\t\tdata-type=\"image\"\n\t\t\t\t\t\t\t\tdata-rsp_ch=\"on\"\n\t\t\t\t\t\t\t\tdata-xy=\"x:81px;y:76px;\"\n\t\t\t\t\t\t\t\tdata-text=\"l:22;a:inherit;\"\n\t\t\t\t\t\t\t\tdata-dim=\"w:632px;h:314px;\"\n\t\t\t\t\t\t\t\tdata-frame_0=\"x:ran(-250|250);y:ran(-150|150);sX:ran(0|1);sY:ran(0|1);rX:ran(-90|90);rY:ran(-90|90);rZ:ran(-360|360);tp:600;\"\n\t\t\t\t\t\t\t\tdata-frame_1=\"tp:600;st:500;sp:490;sR:500;\"\n\t\t\t\t\t\t\t\tdata-frame_999=\"o:0;tp:600;st:w;sR:4000;\"\n\t\t\t\t\t\t\t\tstyle=\"z-index:7;\"\n\t\t\t\t\t\t\t><img loading=\"lazy\" decoding=\"async\" src=\"\/\/www.yourkar.es\/wp-content\/uploads\/2016\/10\/car1_.png\" width=\"758\" height=\"377\" data-no-retina> \n\t\t\t\t\t\t\t<\/rs-layer><!--\n\n\t\t\t\t\t\t\t--><rs-layer\n\t\t\t\t\t\t\t\tid=\"slider-1-slide-2-layer-3\" \n\t\t\t\t\t\t\t\tdata-type=\"text\"\n\t\t\t\t\t\t\t\tdata-color=\"#ffffff\"\n\t\t\t\t\t\t\t\tdata-rsp_ch=\"on\"\n\t\t\t\t\t\t\t\tdata-xy=\"x:755px;y:84px;\"\n\t\t\t\t\t\t\t\tdata-text=\"s:45;l:45;fw:600;a:inherit;\"\n\t\t\t\t\t\t\t\tdata-frame_0=\"sX:0.9;sY:0.9;tp:600;\"\n\t\t\t\t\t\t\t\tdata-frame_1=\"tp:600;st:1320;sp:500;sR:1320;\"\n\t\t\t\t\t\t\t\tdata-frame_999=\"o:0;tp:600;st:w;sR:3170;\"\n\t\t\t\t\t\t\t\tstyle=\"z-index:8;font-family:Montserrat;\"\n\t\t\t\t\t\t\t>Gesti\u00f3n y <br\/>compraventa<br\/>\nde flotas \n\t\t\t\t\t\t\t<\/rs-layer><!--\n\n\t\t\t\t\t\t\t--><rs-layer\n\t\t\t\t\t\t\t\tid=\"slider-1-slide-2-layer-5\" \n\t\t\t\t\t\t\t\tdata-type=\"text\"\n\t\t\t\t\t\t\t\tdata-color=\"#3a6690\"\n\t\t\t\t\t\t\t\tdata-rsp_ch=\"on\"\n\t\t\t\t\t\t\t\tdata-xy=\"x:757px;y:227px;\"\n\t\t\t\t\t\t\t\tdata-text=\"s:25;l:30;fw:500;a:inherit;\"\n\t\t\t\t\t\t\t\tdata-frame_0=\"y:bottom;o:1;tp:600;\"\n\t\t\t\t\t\t\t\tdata-frame_1=\"tp:600;st:1660;sR:1660;\"\n\t\t\t\t\t\t\t\tdata-frame_999=\"o:0;tp:600;st:w;sR:3030;\"\n\t\t\t\t\t\t\t\tstyle=\"z-index:9;font-family:Montserrat;\"\n\t\t\t\t\t\t\t>Un servicio \u00e1gil, r\u00e1pido y eficaz \n\t\t\t\t\t\t\t<\/rs-layer><!--\n-->\t\t\t\t\t\t<\/rs-slide>\n\t\t\t\t\t\t<rs-slide data-key=\"rs-1\" data-title=\"Slide\" data-duration=\"4990\" data-anim=\"ei:d;eo:d;s:600;r:0;t:fade;sl:d;\">\n\t\t\t\t\t\t\t<img decoding=\"async\" src=\"\/\/www.yourkar.es\/wp-content\/plugins\/revslider\/public\/assets\/assets\/transparent.png\" title=\"Home\" class=\"rev-slidebg\" data-no-retina>\n<!--\n\t\t\t\t\t\t\t--><rs-layer\n\t\t\t\t\t\t\t\tid=\"slider-1-slide-1-layer-21\" \n\t\t\t\t\t\t\t\tdata-type=\"image\"\n\t\t\t\t\t\t\t\tdata-rsp_ch=\"on\"\n\t\t\t\t\t\t\t\tdata-xy=\"x:607px;y:158px;\"\n\t\t\t\t\t\t\t\tdata-text=\"l:22;a:inherit;\"\n\t\t\t\t\t\t\t\tdata-dim=\"w:569px;h:209px;\"\n\t\t\t\t\t\t\t\tdata-frame_0=\"x:50px;tp:600;\"\n\t\t\t\t\t\t\t\tdata-frame_1=\"tp:600;st:1040;sR:1040;\"\n\t\t\t\t\t\t\t\tdata-frame_999=\"o:0;tp:600;st:w;sR:3650;\"\n\t\t\t\t\t\t\t\tstyle=\"z-index:5;\"\n\t\t\t\t\t\t\t><img loading=\"lazy\" decoding=\"async\" src=\"\/\/www.yourkar.es\/wp-content\/uploads\/2018\/12\/ykrcloud.png\" width=\"569\" height=\"209\" data-no-retina> \n\t\t\t\t\t\t\t<\/rs-layer><!--\n\n\t\t\t\t\t\t\t--><rs-layer\n\t\t\t\t\t\t\t\tid=\"slider-1-slide-1-layer-15\" \n\t\t\t\t\t\t\t\tdata-type=\"image\"\n\t\t\t\t\t\t\t\tdata-rsp_ch=\"on\"\n\t\t\t\t\t\t\t\tdata-xy=\"x:843px;y:26px;\"\n\t\t\t\t\t\t\t\tdata-text=\"l:22;a:inherit;\"\n\t\t\t\t\t\t\t\tdata-dim=\"w:520px;h:288px;\"\n\t\t\t\t\t\t\t\tdata-frame_0=\"tp:600;\"\n\t\t\t\t\t\t\t\tdata-frame_1=\"tp:600;st:2470;sp:500;sR:2470;\"\n\t\t\t\t\t\t\t\tdata-frame_999=\"o:0;tp:600;st:w;sR:2020;\"\n\t\t\t\t\t\t\t\tstyle=\"z-index:6;\"\n\t\t\t\t\t\t\t><img loading=\"lazy\" decoding=\"async\" src=\"\/\/www.yourkar.es\/wp-content\/uploads\/2018\/12\/yksun.png\" width=\"520\" height=\"288\" data-no-retina> \n\t\t\t\t\t\t\t<\/rs-layer><!--\n\n\t\t\t\t\t\t\t--><rs-layer\n\t\t\t\t\t\t\t\tid=\"slider-1-slide-1-layer-14\" \n\t\t\t\t\t\t\t\tdata-type=\"image\"\n\t\t\t\t\t\t\t\tdata-rsp_ch=\"on\"\n\t\t\t\t\t\t\t\tdata-xy=\"x:8px;y:94px;\"\n\t\t\t\t\t\t\t\tdata-text=\"l:22;a:inherit;\"\n\t\t\t\t\t\t\t\tdata-dim=\"w:437px;h:161px;\"\n\t\t\t\t\t\t\t\tdata-frame_0=\"y:bottom;o:1;tp:600;\"\n\t\t\t\t\t\t\t\tdata-frame_1=\"tp:600;st:980;sp:430;sR:980;\"\n\t\t\t\t\t\t\t\tdata-frame_999=\"o:0;tp:600;st:w;sR:3580;\"\n\t\t\t\t\t\t\t\tstyle=\"z-index:7;\"\n\t\t\t\t\t\t\t><img loading=\"lazy\" decoding=\"async\" src=\"\/\/www.yourkar.es\/wp-content\/uploads\/2018\/12\/yklcloud.png\" width=\"437\" height=\"161\" data-no-retina> \n\t\t\t\t\t\t\t<\/rs-layer><!--\n\n\t\t\t\t\t\t\t--><rs-layer\n\t\t\t\t\t\t\t\tid=\"slider-1-slide-1-layer-3\" \n\t\t\t\t\t\t\t\tdata-type=\"text\"\n\t\t\t\t\t\t\t\tdata-color=\"#ffffff\"\n\t\t\t\t\t\t\t\tdata-rsp_ch=\"on\"\n\t\t\t\t\t\t\t\tdata-xy=\"x:645px;y:63px;\"\n\t\t\t\t\t\t\t\tdata-text=\"s:45;l:45;fw:600;a:inherit;\"\n\t\t\t\t\t\t\t\tdata-frame_0=\"sX:0.9;sY:0.9;tp:600;\"\n\t\t\t\t\t\t\t\tdata-frame_1=\"tp:600;st:1320;sp:500;sR:1320;\"\n\t\t\t\t\t\t\t\tdata-frame_999=\"o:0;tp:600;st:w;sR:3170;\"\n\t\t\t\t\t\t\t\tstyle=\"z-index:8;font-family:Montserrat;\"\n\t\t\t\t\t\t\t>Gesti\u00f3n <br\/>log\u00edstica \n\t\t\t\t\t\t\t<\/rs-layer><!--\n\n\t\t\t\t\t\t\t--><rs-layer\n\t\t\t\t\t\t\t\tid=\"slider-1-slide-1-layer-5\" \n\t\t\t\t\t\t\t\tdata-type=\"text\"\n\t\t\t\t\t\t\t\tdata-color=\"#3a6690\"\n\t\t\t\t\t\t\t\tdata-rsp_ch=\"on\"\n\t\t\t\t\t\t\t\tdata-xy=\"x:648px;y:172px;\"\n\t\t\t\t\t\t\t\tdata-text=\"s:25;l:30;fw:500;a:inherit;\"\n\t\t\t\t\t\t\t\tdata-frame_0=\"y:bottom;o:1;tp:600;\"\n\t\t\t\t\t\t\t\tdata-frame_1=\"tp:600;st:1660;sR:1660;\"\n\t\t\t\t\t\t\t\tdata-frame_999=\"o:0;tp:600;st:w;sR:3030;\"\n\t\t\t\t\t\t\t\tstyle=\"z-index:9;font-family:Montserrat;\"\n\t\t\t\t\t\t\t>Innovaci\u00f3n tecnol\u00f3gica <br> en la gesti\u00f3n y control<br> de flotas \n\t\t\t\t\t\t\t<\/rs-layer><!--\n\n\t\t\t\t\t\t\t--><rs-layer\n\t\t\t\t\t\t\t\tid=\"slider-1-slide-1-layer-17\" \n\t\t\t\t\t\t\t\tdata-type=\"image\"\n\t\t\t\t\t\t\t\tdata-rsp_ch=\"on\"\n\t\t\t\t\t\t\t\tdata-xy=\"x:-652px;y:76px;\"\n\t\t\t\t\t\t\t\tdata-text=\"l:22;a:inherit;\"\n\t\t\t\t\t\t\t\tdata-dim=\"w:2080px;h:409px;\"\n\t\t\t\t\t\t\t\tdata-frame_0=\"tp:600;\"\n\t\t\t\t\t\t\t\tdata-frame_1=\"tp:600;sR:10;\"\n\t\t\t\t\t\t\t\tdata-frame_999=\"o:0;tp:600;st:w;sR:4680;\"\n\t\t\t\t\t\t\t\tstyle=\"z-index:10;\"\n\t\t\t\t\t\t\t><img loading=\"lazy\" decoding=\"async\" src=\"\/\/www.yourkar.es\/wp-content\/uploads\/2018\/12\/ykbigclud.png\" width=\"2080\" height=\"409\" data-no-retina> \n\t\t\t\t\t\t\t<\/rs-layer><!--\n\n\t\t\t\t\t\t\t--><rs-layer\n\t\t\t\t\t\t\t\tid=\"slider-1-slide-1-layer-19\" \n\t\t\t\t\t\t\t\tdata-type=\"image\"\n\t\t\t\t\t\t\t\tdata-rsp_ch=\"on\"\n\t\t\t\t\t\t\t\tdata-xy=\"x:129px;y:123px;\"\n\t\t\t\t\t\t\t\tdata-text=\"l:22;a:inherit;\"\n\t\t\t\t\t\t\t\tdata-dim=\"w:510px;h:221px;\"\n\t\t\t\t\t\t\t\tdata-frame_0=\"tp:600;\"\n\t\t\t\t\t\t\t\tdata-frame_1=\"tp:600;st:1370;sR:1370;\"\n\t\t\t\t\t\t\t\tdata-frame_999=\"o:0;tp:600;st:w;sR:3320;\"\n\t\t\t\t\t\t\t\tstyle=\"z-index:11;\"\n\t\t\t\t\t\t\t><img loading=\"lazy\" decoding=\"async\" src=\"\/\/www.yourkar.es\/wp-content\/uploads\/2018\/12\/locationfeature.png\" width=\"648\" height=\"281\" data-no-retina> \n\t\t\t\t\t\t\t<\/rs-layer><!--\n\n\t\t\t\t\t\t\t--><rs-layer\n\t\t\t\t\t\t\t\tid=\"slider-1-slide-1-layer-20\" \n\t\t\t\t\t\t\t\tdata-type=\"image\"\n\t\t\t\t\t\t\t\tdata-rsp_ch=\"on\"\n\t\t\t\t\t\t\t\tdata-xy=\"x:231px;y:227px;\"\n\t\t\t\t\t\t\t\tdata-text=\"l:22;a:inherit;\"\n\t\t\t\t\t\t\t\tdata-dim=\"w:37px;h:55px;\"\n\t\t\t\t\t\t\t\tdata-frame_0=\"y:top;o:1;tp:600;\"\n\t\t\t\t\t\t\t\tdata-frame_1=\"tp:600;st:2300;sp:390;sR:2300;\"\n\t\t\t\t\t\t\t\tdata-frame_999=\"o:0;tp:600;st:w;sR:2300;\"\n\t\t\t\t\t\t\t\tstyle=\"z-index:12;\"\n\t\t\t\t\t\t\t><img loading=\"lazy\" decoding=\"async\" src=\"\/\/www.yourkar.es\/wp-content\/uploads\/2018\/12\/ykmapicon.png\" width=\"101\" height=\"151\" data-no-retina> \n\t\t\t\t\t\t\t<\/rs-layer><!--\n\n\t\t\t\t\t\t\t--><rs-layer\n\t\t\t\t\t\t\t\tid=\"slider-1-slide-1-layer-22\" \n\t\t\t\t\t\t\t\tdata-type=\"image\"\n\t\t\t\t\t\t\t\tdata-rsp_ch=\"on\"\n\t\t\t\t\t\t\t\tdata-xy=\"x:467px;y:170px;\"\n\t\t\t\t\t\t\t\tdata-text=\"l:22;a:inherit;\"\n\t\t\t\t\t\t\t\tdata-dim=\"w:37px;h:55px;\"\n\t\t\t\t\t\t\t\tdata-frame_0=\"y:top;o:1;tp:600;\"\n\t\t\t\t\t\t\t\tdata-frame_1=\"tp:600;st:2900;sp:390;sR:2900;\"\n\t\t\t\t\t\t\t\tdata-frame_999=\"o:0;tp:600;st:w;sR:1700;\"\n\t\t\t\t\t\t\t\tstyle=\"z-index:13;\"\n\t\t\t\t\t\t\t><img loading=\"lazy\" decoding=\"async\" src=\"\/\/www.yourkar.es\/wp-content\/uploads\/2018\/12\/ykmapicon.png\" width=\"101\" height=\"151\" data-no-retina> \n\t\t\t\t\t\t\t<\/rs-layer><!--\n\n\t\t\t\t\t\t\t--><rs-layer\n\t\t\t\t\t\t\t\tid=\"slider-1-slide-1-layer-23\" \n\t\t\t\t\t\t\t\tdata-type=\"image\"\n\t\t\t\t\t\t\t\tdata-rsp_ch=\"on\"\n\t\t\t\t\t\t\t\tdata-xy=\"x:453px;y:243px;\"\n\t\t\t\t\t\t\t\tdata-text=\"l:22;a:inherit;\"\n\t\t\t\t\t\t\t\tdata-dim=\"w:37px;h:55px;\"\n\t\t\t\t\t\t\t\tdata-frame_0=\"y:top;o:1;tp:600;\"\n\t\t\t\t\t\t\t\tdata-frame_1=\"tp:600;st:3600;sp:390;sR:3600;\"\n\t\t\t\t\t\t\t\tdata-frame_999=\"o:0;tp:600;st:w;sR:1000;\"\n\t\t\t\t\t\t\t\tstyle=\"z-index:14;\"\n\t\t\t\t\t\t\t><img loading=\"lazy\" decoding=\"async\" src=\"\/\/www.yourkar.es\/wp-content\/uploads\/2018\/12\/ykmapicon.png\" width=\"101\" height=\"151\" data-no-retina> \n\t\t\t\t\t\t\t<\/rs-layer><!--\n-->\t\t\t\t\t\t<\/rs-slide>\n\t\t\t\t\t\t<rs-slide data-key=\"rs-3\" data-title=\"Slide\" data-duration=\"4990\" data-anim=\"ei:d;eo:d;s:600;r:0;t:fade;sl:d;\">\n\t\t\t\t\t\t\t<img decoding=\"async\" src=\"\/\/www.yourkar.es\/wp-content\/plugins\/revslider\/public\/assets\/assets\/transparent.png\" title=\"Home\" class=\"rev-slidebg\" data-no-retina>\n<!--\n\t\t\t\t\t\t\t--><rs-layer\n\t\t\t\t\t\t\t\tid=\"slider-1-slide-3-layer-21\" \n\t\t\t\t\t\t\t\tdata-type=\"image\"\n\t\t\t\t\t\t\t\tdata-rsp_ch=\"on\"\n\t\t\t\t\t\t\t\tdata-xy=\"x:607px;y:158px;\"\n\t\t\t\t\t\t\t\tdata-text=\"l:22;a:inherit;\"\n\t\t\t\t\t\t\t\tdata-dim=\"w:569px;h:209px;\"\n\t\t\t\t\t\t\t\tdata-frame_0=\"x:50px;tp:600;\"\n\t\t\t\t\t\t\t\tdata-frame_1=\"tp:600;st:1040;sR:1040;\"\n\t\t\t\t\t\t\t\tdata-frame_999=\"o:0;tp:600;st:w;sR:3650;\"\n\t\t\t\t\t\t\t\tstyle=\"z-index:5;\"\n\t\t\t\t\t\t\t><img loading=\"lazy\" decoding=\"async\" src=\"\/\/www.yourkar.es\/wp-content\/uploads\/2018\/12\/ykrcloud.png\" width=\"569\" height=\"209\" data-no-retina> \n\t\t\t\t\t\t\t<\/rs-layer><!--\n\n\t\t\t\t\t\t\t--><rs-layer\n\t\t\t\t\t\t\t\tid=\"slider-1-slide-3-layer-14\" \n\t\t\t\t\t\t\t\tdata-type=\"image\"\n\t\t\t\t\t\t\t\tdata-rsp_ch=\"on\"\n\t\t\t\t\t\t\t\tdata-xy=\"x:8px;y:94px;\"\n\t\t\t\t\t\t\t\tdata-text=\"l:22;a:inherit;\"\n\t\t\t\t\t\t\t\tdata-dim=\"w:437px;h:161px;\"\n\t\t\t\t\t\t\t\tdata-frame_0=\"y:bottom;o:1;tp:600;\"\n\t\t\t\t\t\t\t\tdata-frame_1=\"tp:600;st:980;sp:430;sR:980;\"\n\t\t\t\t\t\t\t\tdata-frame_999=\"o:0;tp:600;st:w;sR:3580;\"\n\t\t\t\t\t\t\t\tstyle=\"z-index:7;\"\n\t\t\t\t\t\t\t><img loading=\"lazy\" decoding=\"async\" src=\"\/\/www.yourkar.es\/wp-content\/uploads\/2018\/12\/yklcloud.png\" width=\"437\" height=\"161\" data-no-retina> \n\t\t\t\t\t\t\t<\/rs-layer><!--\n\n\t\t\t\t\t\t\t--><rs-layer\n\t\t\t\t\t\t\t\tid=\"slider-1-slide-3-layer-3\" \n\t\t\t\t\t\t\t\tdata-type=\"text\"\n\t\t\t\t\t\t\t\tdata-color=\"#ffffff\"\n\t\t\t\t\t\t\t\tdata-rsp_ch=\"on\"\n\t\t\t\t\t\t\t\tdata-xy=\"x:645px;y:63px;\"\n\t\t\t\t\t\t\t\tdata-text=\"s:45;l:45;fw:600;a:inherit;\"\n\t\t\t\t\t\t\t\tdata-frame_0=\"sX:0.9;sY:0.9;tp:600;\"\n\t\t\t\t\t\t\t\tdata-frame_1=\"tp:600;st:1320;sp:500;sR:1320;\"\n\t\t\t\t\t\t\t\tdata-frame_999=\"o:0;tp:600;st:w;sR:3170;\"\n\t\t\t\t\t\t\t\tstyle=\"z-index:8;font-family:Montserrat;\"\n\t\t\t\t\t\t\t>Gesti\u00f3n de<br\/>reservas \n\t\t\t\t\t\t\t<\/rs-layer><!--\n\n\t\t\t\t\t\t\t--><rs-layer\n\t\t\t\t\t\t\t\tid=\"slider-1-slide-3-layer-5\" \n\t\t\t\t\t\t\t\tdata-type=\"text\"\n\t\t\t\t\t\t\t\tdata-color=\"#3a6690\"\n\t\t\t\t\t\t\t\tdata-rsp_ch=\"on\"\n\t\t\t\t\t\t\t\tdata-xy=\"x:646px;y:169px;\"\n\t\t\t\t\t\t\t\tdata-text=\"s:25;l:30;fw:500;a:inherit;\"\n\t\t\t\t\t\t\t\tdata-frame_0=\"y:bottom;o:1;tp:600;\"\n\t\t\t\t\t\t\t\tdata-frame_1=\"tp:600;st:1660;sR:1660;\"\n\t\t\t\t\t\t\t\tdata-frame_999=\"o:0;tp:600;st:w;sR:3030;\"\n\t\t\t\t\t\t\t\tstyle=\"z-index:9;font-family:Montserrat;\"\n\t\t\t\t\t\t\t>Mejore sus ventas a trav\u00e9s de nuestra<br>red de afiliados con operadores y hoteles<br>en todo el mundo \n\t\t\t\t\t\t\t<\/rs-layer><!--\n\n\t\t\t\t\t\t\t--><rs-layer\n\t\t\t\t\t\t\t\tid=\"slider-1-slide-3-layer-17\" \n\t\t\t\t\t\t\t\tdata-type=\"image\"\n\t\t\t\t\t\t\t\tdata-rsp_ch=\"on\"\n\t\t\t\t\t\t\t\tdata-xy=\"x:-653px;y:69px;\"\n\t\t\t\t\t\t\t\tdata-text=\"l:22;a:inherit;\"\n\t\t\t\t\t\t\t\tdata-dim=\"w:2080px;h:409px;\"\n\t\t\t\t\t\t\t\tdata-frame_0=\"tp:600;\"\n\t\t\t\t\t\t\t\tdata-frame_1=\"tp:600;sR:10;\"\n\t\t\t\t\t\t\t\tdata-frame_999=\"o:0;tp:600;st:w;sR:4680;\"\n\t\t\t\t\t\t\t\tstyle=\"z-index:10;\"\n\t\t\t\t\t\t\t><img loading=\"lazy\" decoding=\"async\" src=\"\/\/www.yourkar.es\/wp-content\/uploads\/2018\/12\/ykbigclud.png\" width=\"2080\" height=\"409\" data-no-retina> \n\t\t\t\t\t\t\t<\/rs-layer><!--\n\n\t\t\t\t\t\t\t--><rs-layer\n\t\t\t\t\t\t\t\tid=\"slider-1-slide-3-layer-25\" \n\t\t\t\t\t\t\t\tdata-type=\"image\"\n\t\t\t\t\t\t\t\tdata-rsp_ch=\"on\"\n\t\t\t\t\t\t\t\tdata-xy=\"x:289px;y:4px;\"\n\t\t\t\t\t\t\t\tdata-text=\"l:22;a:inherit;\"\n\t\t\t\t\t\t\t\tdata-dim=\"w:301px;h:430px;\"\n\t\t\t\t\t\t\t\tdata-frame_0=\"tp:600;\"\n\t\t\t\t\t\t\t\tdata-frame_1=\"tp:600;st:2570;sp:450;sR:2570;\"\n\t\t\t\t\t\t\t\tdata-frame_999=\"o:0;tp:600;st:w;sR:1970;\"\n\t\t\t\t\t\t\t\tstyle=\"z-index:15;\"\n\t\t\t\t\t\t\t><img loading=\"lazy\" decoding=\"async\" src=\"\/\/www.yourkar.es\/wp-content\/uploads\/2016\/08\/person2.png\" width=\"265\" height=\"379\" data-no-retina> \n\t\t\t\t\t\t\t<\/rs-layer><!--\n-->\t\t\t\t\t\t<\/rs-slide>\n\t\t\t\t\t<\/rs-slides>\n\t\t\t\t\t<rs-progress class=\"rs-bottom\" style=\"visibility: hidden !important;\"><\/rs-progress>\n\t\t\t\t<\/rs-module>\n\t\t\t\t<script type=\"text\/javascript\">\n\t\t\t\t\tsetREVStartSize({c: 'rev_slider_1_1',rl:[1240,1024,778,480],el:[],gw:[1240],gh:[410],type:'standard',justify:'',layout:'fullwidth',mh:\"0\"});\n\t\t\t\t\tvar\trevapi1,\n\t\t\t\t\t\ttpj;\n\t\t\t\t\tjQuery(function() {\n\t\t\t\t\t\ttpj = jQuery;\n\t\t\t\t\t\tif(tpj(\"#rev_slider_1_1\").revolution == undefined){\n\t\t\t\t\t\t\trevslider_showDoubleJqueryError(\"#rev_slider_1_1\");\n\t\t\t\t\t\t}else{\n\t\t\t\t\t\t\trevapi1 = tpj(\"#rev_slider_1_1\").show().revolution({\n\t\t\t\t\t\t\t\tjsFileLocation:\"\/\/www.yourkar.es\/wp-content\/plugins\/revslider\/public\/assets\/js\/\",\n\t\t\t\t\t\t\t\tvisibilityLevels:\"1240,1024,778,480\",\n\t\t\t\t\t\t\t\tgridwidth:1240,\n\t\t\t\t\t\t\t\tgridheight:410,\n\t\t\t\t\t\t\t\tautoHeight:true,\n\t\t\t\t\t\t\t\tspinner:\"spinner0\",\n\t\t\t\t\t\t\t\tresponsiveLevels:\"1240,1024,778,480\",\n\t\t\t\t\t\t\t\tdisableProgressBar:\"on\",\n\t\t\t\t\t\t\t\tnavigation: {\n\t\t\t\t\t\t\t\t\tonHoverStop:false\n\t\t\t\t\t\t\t\t},\n\t\t\t\t\t\t\t\tfallbacks: {\n\t\t\t\t\t\t\t\t\tallowHTML5AutoPlayOnAndroid:true\n\t\t\t\t\t\t\t\t},\n\t\t\t\t\t\t\t});\n\t\t\t\t\t\t}\n\t\t\t\t\t\t\n\t\t\t\t\t});\n\t\t\t\t<\/script>\n\t\t\t<\/rs-module-wrap>\n\t\t\t<!-- END REVOLUTION SLIDER -->\n[\/vc_column][\/vc_row][vc_row full_width=&#8221;stretch_row_content_no_spaces&#8221; el_id=&#8221;locations&#8221;][vc_column][\/vc_column][\/vc_row][vc_row full_width=&#8221;stretch_row&#8221; css=&#8221;.vc_custom_1550484964030{padding-bottom: 30px !important;}&#8221;][vc_column][vc_empty_space height=&#8221;25px&#8221;][vc_custom_heading text=&#8221;Success business&#8221; text_additional=&#8221;We help you move forward and get results&#8221; font_container=&#8221;tag:h4|font_size:35px|text_align:center&#8221; uppercase=&#8221;yes&#8221;][vc_row_inner gap=&#8221;20&#8243; css=&#8221;.vc_custom_1550249364162{margin-top: 30px !important;}&#8221;][vc_column_inner width=&#8221;1\/2&#8243;][vc_custom_heading text=&#8221;Advice &#8221; text_additional=&#8221;Operational and commercial.Fast and professional support available through different communication channels. You can set up your own plan, depending on your need.&#8221; font_container=&#8221;tag:h5|text_align:left&#8221; css_animation=&#8221;bounceIn&#8221;][vc_empty_space][vc_custom_heading text=&#8221;Development&#8221; text_additional=&#8221;We have developed a platform with an integration server to service the different applications in Elixir, Ruby on Rails, React, Android, iOS and PHP.&#8221; font_container=&#8221;tag:h5|text_align:left&#8221; css_animation=&#8221;bounceIn&#8221;][\/vc_column_inner][vc_column_inner width=&#8221;1\/2&#8243;][vc_custom_heading text=&#8221;Logistics management&#8221; text_additional=&#8221;Improve your performance, coordinate your entire fleet through the system, simultaneously manage your online bookings, agent bookings, tour operators and office user bookings. &#8221; font_container=&#8221;tag:h5|text_align:left&#8221; css_animation=&#8221;bounceIn&#8221;][vc_empty_space height=&#8221;10px&#8221;][vc_custom_heading text=&#8221;Booking Management&#8221; text_additional=&#8221;Optimize your processes.You can manage your bookings and rental agreements through a seasonal rate system. Availability will be active for all agencies that are connected to the system.&#8221; font_container=&#8221;tag:h5|text_align:left&#8221; css_animation=&#8221;bounceIn&#8221;][\/vc_column_inner][\/vc_row_inner][\/vc_column][\/vc_row][vc_row full_width=&#8221;stretch_row&#8221; css=&#8221;.vc_custom_1550483295523{background-color: #f8f8f8 !important;}&#8221;][vc_column width=&#8221;2\/3&#8243;][vc_custom_heading text=&#8221;Technology&#8221; text_additional=&#8221;Yourkar proposes a comprehensive solution to meet all the needs of your company using vanguarda technologies that guarantee success in the new sales channels and customer communication&#8221; font_container=&#8221;tag:h4|font_size:35px|text_align:left&#8221; uppercase=&#8221;yes&#8221;][vc_empty_space height=&#8221;15px&#8221;][\/vc_column][vc_column width=&#8221;1\/3&#8243;][vc_empty_space height=&#8221;60px&#8221;][vc_btn title=&#8221;I want to know more&#8221; align=&#8221;center&#8221; link=&#8221;url:https%3A%2F%2Fwww.yourkar.es%2Fen%2Ftechnology%2F|&#8221;][\/vc_column][\/vc_row][vc_row][vc_column width=&#8221;1\/2&#8243;][vc_custom_heading text=&#8221;RentaCar App&#8221; text_additional=&#8221;Visit their Google Play store and download our Mobile App to enjoy your benefits today.&#8221; font_container=&#8221;tag:h2|font_size:28px|text_align:left&#8221;][vc_empty_space height=&#8221;15px&#8221;][vc_single_image image=&#8221;780&#8243; img_size=&#8221;large&#8221;][\/vc_column][vc_column width=&#8221;1\/2&#8243;][vc_custom_heading text=&#8221;Management Dashboard&#8221; text_additional=&#8221;Car rental booking management panel, all the management of your unified and updated fleet on one platform.&#8221; font_container=&#8221;tag:h2|font_size:28px|text_align:left&#8221;][vc_single_image image=&#8221;803&#8243; img_size=&#8221;large&#8221;][vc_empty_space height=&#8221;10px&#8221;][\/vc_column][\/vc_row][vc_row full_width=&#8221;stretch_row&#8221; css=&#8221;.vc_custom_1545153527170{background-image: url(https:\/\/www.yourkar.es\/wp-content\/uploads\/2018\/12\/ykmap.jpg?id=578) !important;background-position: center !important;background-repeat: no-repeat !important;background-size: cover !important;}&#8221;][vc_column width=&#8221;2\/3&#8243;][vc_empty_space height=&#8221;25px&#8221;][vc_custom_heading text=&#8221;Payment Solutions&#8221; text_additional=&#8221;Development of own payments solutions that allow us to optimizepayment and collection operations with maximum efficiency.&#8221; font_container=&#8221;tag:h2|text_align:left|color:%23ffffff&#8221;][vc_row_inner][vc_column_inner width=&#8221;1\/2&#8243;][vc_single_image image=&#8221;671&#8243; img_size=&#8221;120&#215;32&#8243; alignment=&#8221;center&#8221;][\/vc_column_inner][vc_column_inner width=&#8221;1\/2&#8243;][vc_single_image image=&#8221;286&#8243; img_size=&#8221;medium&#8221; alignment=&#8221;center&#8221;][\/vc_column_inner][\/vc_row_inner][vc_empty_space][\/vc_column][vc_column width=&#8221;1\/3&#8243;][vc_empty_space height=&#8221;40px&#8221;][vc_custom_heading text=&#8221;Increase conversion by accepting all types of payments with maximum security.&#8221; font_container=&#8221;tag:h5|font_size:20px|text_align:left|color:%23ffffff&#8221;][\/vc_column][\/vc_row][vc_row][vc_column width=&#8221;1\/4&#8243;][vc_custom_heading text=&#8221;Clients&#8221; text_additional=&#8221;<b>Yourkar<\/b> is a family business that has been working for more than 10 years to surprise its customers with a high quality service and its closeness to the treatment.&#8221; font_container=&#8221;tag:h4|font_size:30px|text_align:left&#8221; uppercase=&#8221;yes&#8221;][om_reduce_space][\/vc_column][vc_column width=&#8221;3\/4&#8243;][vc_empty_space][vc_single_image image=&#8221;1009&#8243;\u00a0 img_size=&#8221;large&#8221;][\/vc_column][\/vc_row][vc_row full_width=&#8221;stretch_row&#8221; css=&#8221;.vc_custom_1550484741354{background-color: #f7f7f7 !important;}&#8221;][vc_column][om_reduce_space][vc_empty_space][vc_custom_heading text=&#8221;Our customers said about Yourkar&#8221; font_container=&#8221;tag:h4|font_size:22px|text_align:center&#8221; uppercase=&#8221;yes&#8221;][om_testimonials][om_testimonials_item author=&#8221;&#8221;]A family business, with a service of the highest quality, there has been more than nine years, and it always surprises us with its proximity. [\/om_testimonials_item][\/om_testimonials][\/vc_column][\/vc_row][vc_row full_width=&#8221;stretch_row&#8221;][vc_column][vc_empty_space][vc_custom_heading text=&#8221;Personalized attention&#8221; text_additional=&#8221;Contact us&#8221; font_container=&#8221;tag:h2|text_align:center&#8221; uppercase=&#8221;yes&#8221;][om_persons][om_persons_item img_stand_out=&#8221;yes&#8221; name=&#8221;Yourkar.es&#8221; post=&#8221;Customer Service&#8221; email=&#8221;reservas@yourkar.info&#8221; img=&#8221;96&#8243; img_offset_x=&#8221;32&#8243; img_offset_y=&#8221;70&#8243; phone=&#8221;(+34) 616 896 899&#8243;][\/om_persons][vc_empty_space height=&#8221;20px&#8221;][\/vc_column][\/vc_row].<\/p>\n","protected":false},"excerpt":{"rendered":"<p>[vc_row full_width=&#8221;stretch_row&#8221; el_id=&#8221;services&#8221; css=&#8221;.vc_custom_1545218604702{background: #f7f7f7 url(https:\/\/www.yourkar.es\/wp-content\/uploads\/2018\/12\/ykbsky4.jpg?id=614) !important;background-position: center !important;background-repeat: no-repeat !important;background-size: cover !important;}&#8221; el_class=&#8221;yourkarslidehome&#8221;][vc_column][\/vc_column][\/vc_row][vc_row full_width=&#8221;stretch_row_content_no_spaces&#8221; el_id=&#8221;locations&#8221;][vc_column][\/vc_column][\/vc_row][vc_row full_width=&#8221;stretch_row&#8221; css=&#8221;.vc_custom_1550484964030{padding-bottom: 30px !important;}&#8221;][vc_column][vc_empty_space height=&#8221;25px&#8221;][vc_custom_heading text=&#8221;Success business&#8221; text_additional=&#8221;We help&hellip;<\/p>\n<p><a href=\"https:\/\/www.yourkar.es\/en\/\" class=\"read-more-link\">Read more<\/a><\/p>\n","protected":false},"author":3,"featured_media":0,"parent":0,"menu_order":0,"comment_status":"closed","ping_status":"closed","template":"","meta":{"footnotes":""},"_links":{"self":[{"href":"https:\/\/www.yourkar.es\/en\/wp-json\/wp\/v2\/pages\/10784"}],"collection":[{"href":"https:\/\/www.yourkar.es\/en\/wp-json\/wp\/v2\/pages"}],"about":[{"href":"https:\/\/www.yourkar.es\/en\/wp-json\/wp\/v2\/types\/page"}],"author":[{"embeddable":true,"href":"https:\/\/www.yourkar.es\/en\/wp-json\/wp\/v2\/users\/3"}],"replies":[{"embeddable":true,"href":"https:\/\/www.yourkar.es\/en\/wp-json\/wp\/v2\/comments?post=10784"}],"version-history":[{"count":51,"href":"https:\/\/www.yourkar.es\/en\/wp-json\/wp\/v2\/pages\/10784\/revisions"}],"predecessor-version":[{"id":11211,"href":"https:\/\/www.yourkar.es\/en\/wp-json\/wp\/v2\/pages\/10784\/revisions\/11211"}],"wp:attachment":[{"href":"https:\/\/www.yourkar.es\/en\/wp-json\/wp\/v2\/media?parent=10784"}],"curies":[{"name":"wp","href":"https:\/\/api.w.org\/{rel}","templated":true}]}}