{"id":10959,"date":"2021-03-01T10:13:21","date_gmt":"2021-03-01T10:13:21","guid":{"rendered":"https:\/\/www.yourkar.es\/technologie\/"},"modified":"2021-03-03T17:25:34","modified_gmt":"2021-03-03T17:25:34","slug":"technologie","status":"publish","type":"page","link":"https:\/\/www.yourkar.es\/de\/technologie\/","title":{"rendered":"Technologie"},"content":{"rendered":"<p>[vc_row full_width=&#8220;stretch_row_content_no_spaces&#8220; el_id=&#8220;locations&#8220;][vc_column][\/vc_column][\/vc_row][vc_row full_width=&#8220;stretch_row&#8220; gap=&#8220;30&#8243;][vc_column width=&#8220;1\/2&#8243;][vc_empty_space height=&#8220;10px&#8220;][vc_empty_space height=&#8220;30px&#8220;][vc_custom_heading text=&#8220;Technologie&#8220; text_additional=&#8220;<b>Yourkar<\/b> schl\u00e4gt eine umfassende L\u00f6sung vor, um alle Anforderungen Ihres Unternehmens mit modernsten Technologien zu erf\u00fcllen, die den Erfolg in neuen Vertriebskan\u00e4len und Kundenkommunikation garantieren.&#8220; font_container=&#8220;tag:h3|text_align:left&#8220;][\/vc_column][vc_column width=&#8220;1\/2&#8243;][vc_single_image image=&#8220;804&#8243; img_size=&#8220;large&#8220;][\/vc_column][\/vc_row][vc_row full_width=&#8220;stretch_row&#8220; css=&#8220;.vc_custom_1550483110081{background-color: #f5f5f5 !important;}&#8220; el_id=&#8220;yk4listblocks&#8220;][vc_column width=&#8220;1\/3&#8243;][vc_empty_space height=&#8220;5px&#8220;][vc_single_image image=&#8220;843&#8243; img_size=&#8220;large&#8220; alignment=&#8220;center&#8220; css=&#8220;.vc_custom_1550482970467{padding-top: 5px !important;}&#8220;][\/vc_column][vc_column width=&#8220;1\/3&#8243;][vc_empty_space height=&#8220;10px&#8220;][vc_custom_heading text=&#8220;Alles in einer Plattform&#8220; text_additional=&#8220;Zentralisieren Sie alle Buchungen in einem einzigen Programm, das in alles integriert ist.&#8220; font_container=&#8220;tag:h5|font_size:19px|text_align:left|color:%235e5e5e&#8220; css=&#8220;.vc_custom_1550483046423{padding-top: 10px !important;}&#8220;][vc_custom_heading text=&#8220;Mit der Kraft, die du brauchst&#8220; text_additional=&#8220;Die gesamte Basis wurde mit mehr als 1 Million Reserven hergestellt und getestet.&#8220; font_container=&#8220;tag:h5|font_size:19px|text_align:left|color:%235e5e5e&#8220; css=&#8220;.vc_custom_1550483056061{padding-top: 10px !important;}&#8220;][vc_empty_space height=&#8220;15px&#8220;][\/vc_column][vc_column width=&#8220;1\/3&#8243;][vc_empty_space height=&#8220;10px&#8220;][vc_custom_heading text=&#8220;Skalierbar um zu wachsen&#8220; text_additional=&#8220;Unsere Plattform passt sich an, wenn der Umsatz steigt.&#8220; font_container=&#8220;tag:h5|font_size:19px|text_align:left|color:%235e5e5e&#8220; css=&#8220;.vc_custom_1550483051173{padding-top: 10px !important;}&#8220;][vc_custom_heading text=&#8220;Ma\u00dfgeschneiderter<br \/>\n&#8220; text_additional=&#8220;Wir schaffen, was Sie sich vorstellen k\u00f6nnen, das auf Ihr Unternehmen zugeschnitten ist.&#8220; font_container=&#8220;tag:h5|font_size:19px|text_align:left|color:%235e5e5e&#8220; css=&#8220;.vc_custom_1550483061501{padding-top: 10px !important;}&#8220;][vc_empty_space height=&#8220;15px&#8220;][\/vc_column][\/vc_row][vc_row full_width=&#8220;stretch_row&#8220; gap=&#8220;35&#8243;][vc_column][vc_empty_space height=&#8220;10px&#8220;][vc_custom_heading text=&#8220;Integriertes Management&#8220; font_container=&#8220;tag:h3|text_align:left|color:%23fe7c00&#8243;][\/vc_column][\/vc_row][vc_row full_width=&#8220;stretch_row&#8220; gap=&#8220;35&#8243;][vc_column width=&#8220;1\/2&#8243;][vc_custom_heading text=&#8220;Integration&#8220; text_additional=&#8220;Kanalverwaltung (Yourkar). Online-Verk\u00e4ufe. B2B-Verkaufsportal. API-Buchungs-Webservice. Backoffice-Anwendung. Finanz-Exporte.<br \/>\n&#8220; font_container=&#8220;tag:h4|font_size:22px|text_align:left&#8220;][vc_empty_space height=&#8220;15px&#8220;][vc_custom_heading text=&#8220;Benutzer und Rollen&#8220; text_additional=&#8220;Benutzer. Gruppen. B\u00fcros. Gruppen von B\u00fcros. Bereiche. Arbeitszeit. Feiertage. Liste der Abfl\u00fcge. E-Mail-Vorlagen. Arten der Zahlung.<\/p>\n<p>&#8220; font_container=&#8220;tag:h4|font_size:22px|text_align:left&#8220;][vc_empty_space height=&#8220;15px&#8220;][vc_single_image image=&#8220;903&#8243; img_size=&#8220;large&#8220; alignment=&#8220;center&#8220; css_animation=&#8220;bounceInLeft&#8220;][vc_custom_heading text=&#8220;Reservierungen&#8220; text_additional=&#8220;Bietet an. Buchungen. Mietwagenvertr\u00e4ge. Langfristige Autovermietung. Autovermietung. Preislistenerg\u00e4nzungen. Kundenspezifischer Preis pro B\u00fcro. Rabatte. Aufzeichnungen. Flottenverf\u00fcgbarkeit. Zahlungen. Rechnungen. Kassenbuch. Automatisierte Agenturrechnungen.<br \/>\n&#8220; font_container=&#8220;tag:h4|font_size:22px|text_align:left&#8220;][vc_single_image image=&#8220;896&#8243; img_size=&#8220;large&#8220; alignment=&#8220;center&#8220; css_animation=&#8220;bounceInUp&#8220;][vc_empty_space height=&#8220;1px&#8220;][vc_empty_space height=&#8220;22px&#8220;][\/vc_column][vc_column width=&#8220;1\/2&#8243;][vc_single_image image=&#8220;891&#8243; img_size=&#8220;large&#8220; alignment=&#8220;center&#8220; css_animation=&#8220;bounceInRight&#8220;][vc_custom_heading text=&#8220;Flotte&#8220; text_additional=&#8220;Automobilkategorien. Automodelle. Flottenplanung. Automobilaktivit\u00e4ten. Inschriften. Autoversicherung. Dienstleistungen. Reifenwechsel. Autoinspektionen. Schadensliste. Verkehrsstrafen. Zus\u00e4tzliche Dienste. Mannschaft. Autokennzeichen.<br \/>\n&#8220; font_container=&#8220;tag:h4|font_size:22px|text_align:left&#8220;][vc_single_image image=&#8220;899&#8243; img_size=&#8220;large&#8220; alignment=&#8220;center&#8220; css_animation=&#8220;bounceInRight&#8220;][vc_custom_heading text=&#8220;Berichte&#8220; text_additional=&#8220;Flottenverf\u00fcgbarkeit. Automobilaktivit\u00e4ten. Stornierte Reservierungen. Detaillierte Zusammenfassung der Reservierung. Realisierung nach Zeitraum und Versand. Dauer der Reservierungen pro Tag. Zusammenfassung der Finanzdokumente. Reservierungen gegen Bezahlung. Erwartetes Einkommen. Reservierungszahlungspl\u00e4ne. Gesch\u00e4tzte Rendite.<\/p>\n<p>&#8220; font_container=&#8220;tag:h4|font_size:22px|text_align:left&#8220;][\/vc_column][\/vc_row]<\/p>\n","protected":false},"excerpt":{"rendered":"<p>[vc_row full_width=&#8220;stretch_row_content_no_spaces&#8220; el_id=&#8220;locations&#8220;][vc_column][\/vc_column][\/vc_row][vc_row full_width=&#8220;stretch_row&#8220; gap=&#8220;30&#8243;][vc_column width=&#8220;1\/2&#8243;][vc_empty_space height=&#8220;10px&#8220;][vc_empty_space height=&#8220;30px&#8220;][vc_custom_heading text=&#8220;Technologie&#8220; text_additional=&#8220;Yourkar schl\u00e4gt eine umfassende L\u00f6sung vor, um alle Anforderungen Ihres Unternehmens mit modernsten Technologien zu erf\u00fcllen,&hellip;<\/p>\n<p><a href=\"https:\/\/www.yourkar.es\/de\/technologie\/\" class=\"read-more-link\">Read more<\/a><\/p>\n","protected":false},"author":3,"featured_media":0,"parent":0,"menu_order":0,"comment_status":"closed","ping_status":"closed","template":"","meta":{"footnotes":""},"_links":{"self":[{"href":"https:\/\/www.yourkar.es\/de\/wp-json\/wp\/v2\/pages\/10959"}],"collection":[{"href":"https:\/\/www.yourkar.es\/de\/wp-json\/wp\/v2\/pages"}],"about":[{"href":"https:\/\/www.yourkar.es\/de\/wp-json\/wp\/v2\/types\/page"}],"author":[{"embeddable":true,"href":"https:\/\/www.yourkar.es\/de\/wp-json\/wp\/v2\/users\/3"}],"replies":[{"embeddable":true,"href":"https:\/\/www.yourkar.es\/de\/wp-json\/wp\/v2\/comments?post=10959"}],"version-history":[{"count":7,"href":"https:\/\/www.yourkar.es\/de\/wp-json\/wp\/v2\/pages\/10959\/revisions"}],"predecessor-version":[{"id":11106,"href":"https:\/\/www.yourkar.es\/de\/wp-json\/wp\/v2\/pages\/10959\/revisions\/11106"}],"wp:attachment":[{"href":"https:\/\/www.yourkar.es\/de\/wp-json\/wp\/v2\/media?parent=10959"}],"curies":[{"name":"wp","href":"https:\/\/api.w.org\/{rel}","templated":true}]}}