{"id":10955,"date":"2021-03-01T10:13:19","date_gmt":"2021-03-01T10:13:19","guid":{"rendered":"https:\/\/www.yourkar.es\/dienstleistungen\/"},"modified":"2021-03-03T17:29:38","modified_gmt":"2021-03-03T17:29:38","slug":"dienstleistungen","status":"publish","type":"page","link":"https:\/\/www.yourkar.es\/de\/dienstleistungen\/","title":{"rendered":"Dienstleistungen"},"content":{"rendered":"<p>[vc_row full_width=&#8220;stretch_row&#8220; content_placement=&#8220;top&#8220; el_id=&#8220;services&#8220; css=&#8220;.vc_custom_1545295101714{background: #f7f7f7 url(https:\/\/www.yourkar.es\/wp-content\/uploads\/2018\/12\/ykbsky4.jpg?id=614) !important;background-position: center !important;background-repeat: no-repeat !important;background-size: cover !important;}&#8220; el_class=&#8220;yourkarslideservices&#8220;][vc_column][vc_custom_heading text=&#8220;Unsere Dienstleistungen&#8220; text_additional=&#8220;L\u00f6sungen, die das Wachstum Ihres Unternehmens sichern&#8220; font_container=&#8220;tag:h2|text_align:center|color:%23ffffff&#8220; css=&#8220;.vc_custom_1545295035135{margin-top: 5% !important;}&#8220;][vc_empty_space height=&#8220;40px&#8220;][\/vc_column][\/vc_row][vc_row full_width=&#8220;stretch_row&#8220;][vc_column][\/vc_column][\/vc_row][vc_row full_width=&#8220;stretch_row_content_no_spaces&#8220; el_id=&#8220;locations&#8220;][vc_column][om_rental_locations zoom=&#8220;16&#8243; title=&#8220;Mietwagen-Stationen&#8220; height=&#8220;370&#8243;][\/vc_column][\/vc_row][vc_row full_width=&#8220;stretch_row&#8220; gap=&#8220;30&#8243;][vc_column width=&#8220;1\/2&#8243;][vc_empty_space height=&#8220;10px&#8220;][vc_custom_heading text=&#8220;Flotte&#8220; font_container=&#8220;tag:h2|text_align:left|color:%23fe7c00&#8243;][vc_custom_heading text=&#8220;Flottenmanagement&#8220; text_additional=&#8220;Ein agiler, schneller und effizienter Mietwagenservice und die Erfahrung, die uns unterst\u00fctzt, garantieren Wachstumsergebnisse f\u00fcr Ihr Unternehmen. &#8220; font_container=&#8220;tag:h4|text_align:left&#8220;][\/vc_column][vc_column width=&#8220;1\/2&#8243;][vc_single_image image=&#8220;145&#8243; img_size=&#8220;large&#8220; alignment=&#8220;center&#8220;][\/vc_column][\/vc_row][vc_row full_width=&#8220;stretch_row&#8220; css=&#8220;.vc_custom_1545249632370{background-color: #f5f5f5 !important;}&#8220;][vc_column width=&#8220;1\/4&#8243;][vc_single_image image=&#8220;10886&#8243; alignment=&#8220;center&#8220; css=&#8220;.vc_custom_1544457265635{padding-top: 5px !important;}&#8220;][\/vc_column][vc_column width=&#8220;3\/4&#8243;][vc_custom_heading text=&#8220;Logistik-Management&#8220; text_additional=&#8220;<b>Technologische Innovation im Fuhrparkmanagement und -kontrolle. <\/b>Wir verf\u00fcgen \u00fcber die Technologie und Tools, die unseren Kunden helfen, ihre Produktivit\u00e4t zu verbessern. &#8220; font_container=&#8220;tag:h4|text_align:left&#8220; css=&#8220;.vc_custom_1544457279481{padding-top: 10px !important;}&#8220;][\/vc_column][\/vc_row][vc_row full_width=&#8220;stretch_row&#8220; gap=&#8220;35&#8243;][vc_column width=&#8220;1\/3&#8243;][vc_custom_heading text=&#8220;Reservierungen&#8220; font_container=&#8220;tag:h2|text_align:left|color:%23fe7c00&#8243;][vc_custom_heading text=&#8220;Buchungs-Management&#8220; text_additional=&#8220;Verbessern Sie Ihren Umsatz \u00fcber unser Affiliate-Netzwerk mit Betreibern und Hotels auf den Balearen und den Kanarischen Inseln. Unser Netzwerk von Affiliates und Technologiepartnern gew\u00e4hrleistet die h\u00f6chste Leistung f\u00fcr Ihre Fahrzeuge.&#8220; font_container=&#8220;tag:h4|text_align:left&#8220;][vc_empty_space height=&#8220;20px&#8220;][\/vc_column][vc_column width=&#8220;1\/3&#8243;][vc_empty_space height=&#8220;142px&#8220;][vc_custom_heading text=&#8220;&#8220; text_additional=&#8220;Wir haben ein umfangreiches Netzwerk von Gesch\u00e4ftspartnern und langfristigen Lieferanten aufgebaut, um den besten Kundenservice zu erreichen. <b>Optimieren Sie Ihre Prozesse, verbessern Sie Ihre Leistung.<\/b>&#8220; font_container=&#8220;tag:h4|text_align:left&#8220;][\/vc_column][vc_column width=&#8220;1\/3&#8243;][vc_empty_space height=&#8220;100px&#8220;][vc_custom_heading text=&#8220;L\u00f6sungen f\u00fcr Zahlungen&#8220; text_additional=&#8220;Entwicklung eigener Zahlungsl\u00f6sungen, mit denen Sie Zahlungs- und Inkassovorg\u00e4nge mit maximaler Effizienz optimieren k\u00f6nnen.&#8220; font_container=&#8220;tag:h4|text_align:left&#8220;][vc_empty_space height=&#8220;1px&#8220;][vc_empty_space height=&#8220;22px&#8220;][\/vc_column][\/vc_row][vc_row full_width=&#8220;stretch_row&#8220; css=&#8220;.vc_custom_1544459269049{padding-top: 30px !important;padding-bottom: 30px !important;background-color: #f7f7f7 !important;}&#8220;][vc_column][vc_custom_heading text=&#8220;&#8220; text_additional=&#8220;<b>Erh\u00f6hen Sie die Konversion, indem Sie alle Arten von Zahlungen mit maximaler Sicherheit akzeptieren.<\/b>&#8220; font_container=&#8220;tag:h3|text_align:center|color:%23000000&#8243;][vc_empty_space height=&#8220;1px&#8220;][vc_single_image image=&#8220;10885&#8243; img_size=&#8220;large&#8220; alignment=&#8220;center&#8220;][\/vc_column][\/vc_row][vc_row full_width=&#8220;stretch_row&#8220;][vc_column width=&#8220;2\/3&#8243;][vc_empty_space height=&#8220;30px&#8220;][vc_custom_heading text=&#8220;Aktuelle, einfache und schnelle Managementsoftware&#8220; text_additional=&#8220;Es gibt Ihnen eine strengere Kontrolle \u00fcber Ihre Flotte und Ihre Ausgaben, erh\u00f6ht die Effizienz Ihrer Prozesse und bietet innovative, benutzerfreundliche Berichte mit Einblick in Vorteile, Ausgaben, Leistung, Flotte und mehr.&#8220; font_container=&#8220;tag:h4|text_align:left&#8220;][vc_row_inner][vc_column_inner width=&#8220;1\/3&#8243;][vc_empty_space height=&#8220;5px&#8220;][vc_single_image image=&#8220;425&#8243; img_size=&#8220;full&#8220; alignment=&#8220;center&#8220;][\/vc_column_inner][vc_column_inner width=&#8220;2\/3&#8243;][vc_raw_html]PGRpdiBzdHlsZT0iZm9udC1zaXplOiAyMnB4OyBsaW5lLWhlaWdodDogMzBweDsiPg0KRmxvdHRlIE1hbmFnZW1lbnQ8YnI+DQpCdWNodW5ncy1FbmdpbmU8YnI+DQpCZXJpY2h0ZTxicj4NCkZha3R1cmllcnVuZw0KPC9kaXY+[\/vc_raw_html][\/vc_column_inner][\/vc_row_inner][\/vc_column][vc_column width=&#8220;1\/3&#8243;][vc_empty_space height=&#8220;30px&#8220;][vc_empty_space height=&#8220;50px&#8220;][vc_btn title=&#8220;Buchungsmaschine ansehen&#8220; align=&#8220;center&#8220; link=&#8220;url:https%3A%2F%2Fwww.yourkar.es%2Freserva%2F|target:%20_blank|&#8220;][\/vc_column][\/vc_row][vc_row full_width=&#8220;stretch_row&#8220; gap=&#8220;35&#8243; css=&#8220;.vc_custom_1545249612028{margin-bottom: 30px !important;background-color: #f5f5f5 !important;}&#8220;][vc_column width=&#8220;1\/3&#8243;][vc_empty_space height=&#8220;10px&#8220;][vc_custom_heading text=&#8220;Ratschl\u00e4ge&#8220; font_container=&#8220;tag:h2|text_align:left|color:%23fe7c00&#8243;][vc_custom_heading text=&#8220;Operativ, kaufm\u00e4nnische und administrative &#8220; text_additional=&#8220;Wir arbeiten mit lokalen Unternehmen, H\u00e4ndlern und gro\u00dfen Betreibern zusammen, um sicherzustellen, dass alle Ihre Gesch\u00e4ftsanforderungen erf\u00fcllt werden. Wir empfehlen Ihnen, betriebliche Effizienz und exzellenten Kundenservice zu generieren.&#8220; font_container=&#8220;tag:h4|text_align:left&#8220;][vc_empty_space height=&#8220;60px&#8220;][\/vc_column][vc_column width=&#8220;1\/3&#8243;][vc_empty_space height=&#8220;142px&#8220;][vc_custom_heading text=&#8220;&#8220; text_additional=&#8220;Wir bieten Branchenschulungen und technische Unterst\u00fctzung, um Ihr Unternehmen zu einem anhaltenden Erfolg zu f\u00fchren. <b>Erfahrung im Rentacar-Sektor ist unsere beste Garantie.<\/b>&#8220; font_container=&#8220;tag:h4|text_align:left&#8220;][\/vc_column][vc_column width=&#8220;1\/3&#8243;][vc_empty_space height=&#8220;22px&#8220;][vc_single_image image=&#8220;93&#8243; img_size=&#8220;full&#8220; alignment=&#8220;center&#8220;][\/vc_column][\/vc_row].<\/p>\n","protected":false},"excerpt":{"rendered":"<p>[vc_row full_width=&#8220;stretch_row&#8220; content_placement=&#8220;top&#8220; el_id=&#8220;services&#8220; css=&#8220;.vc_custom_1545295101714{background: #f7f7f7 url(https:\/\/www.yourkar.es\/wp-content\/uploads\/2018\/12\/ykbsky4.jpg?id=614) !important;background-position: center !important;background-repeat: no-repeat !important;background-size: cover !important;}&#8220; el_class=&#8220;yourkarslideservices&#8220;][vc_column][vc_custom_heading text=&#8220;Unsere Dienstleistungen&#8220; text_additional=&#8220;L\u00f6sungen, die das Wachstum Ihres Unternehmens sichern&#8220; font_container=&#8220;tag:h2|text_align:center|color:%23ffffff&#8220;&hellip;<\/p>\n<p><a href=\"https:\/\/www.yourkar.es\/de\/dienstleistungen\/\" class=\"read-more-link\">Read more<\/a><\/p>\n","protected":false},"author":4,"featured_media":0,"parent":0,"menu_order":0,"comment_status":"closed","ping_status":"closed","template":"","meta":{"footnotes":""},"_links":{"self":[{"href":"https:\/\/www.yourkar.es\/de\/wp-json\/wp\/v2\/pages\/10955"}],"collection":[{"href":"https:\/\/www.yourkar.es\/de\/wp-json\/wp\/v2\/pages"}],"about":[{"href":"https:\/\/www.yourkar.es\/de\/wp-json\/wp\/v2\/types\/page"}],"author":[{"embeddable":true,"href":"https:\/\/www.yourkar.es\/de\/wp-json\/wp\/v2\/users\/4"}],"replies":[{"embeddable":true,"href":"https:\/\/www.yourkar.es\/de\/wp-json\/wp\/v2\/comments?post=10955"}],"version-history":[{"count":38,"href":"https:\/\/www.yourkar.es\/de\/wp-json\/wp\/v2\/pages\/10955\/revisions"}],"predecessor-version":[{"id":11114,"href":"https:\/\/www.yourkar.es\/de\/wp-json\/wp\/v2\/pages\/10955\/revisions\/11114"}],"wp:attachment":[{"href":"https:\/\/www.yourkar.es\/de\/wp-json\/wp\/v2\/media?parent=10955"}],"curies":[{"name":"wp","href":"https:\/\/api.w.org\/{rel}","templated":true}]}}