{"id":10951,"date":"2021-03-01T10:13:18","date_gmt":"2021-03-01T10:13:18","guid":{"rendered":"https:\/\/www.yourkar.es\/rechtlicher-hinweis\/"},"modified":"2021-03-03T17:32:03","modified_gmt":"2021-03-03T17:32:03","slug":"rechtlicher-hinweis","status":"publish","type":"page","link":"https:\/\/www.yourkar.es\/de\/rechtlicher-hinweis\/","title":{"rendered":"Rechtlicher Hinweis"},"content":{"rendered":"<p>[vc_row][vc_column][vc_column_text]<\/p>\n<h1 style=\"text-align: center;\"><strong>rechtlicher hinweis<\/strong><\/h1>\n<p>YourKar.es<\/p>\n<p style=\"text-align: justify;\">In \u00dcbereinstimmung mit den Bestimmungen der geltenden Vorschriften zum Schutz personenbezogener Daten und der Verordnung (EU) 2016\/679 vom 27. April 2016 (DSGVO) werden Ihre personenbezogenen Daten und Ihre E-Mail-Adresse unter der Verantwortung von YOURKAR CONSULTING, S.L. verarbeitet Zweck: Senden von Mitteilungen \u00fcber unsere Produkte und -Dienstleistungen. Erhaltung: solange ein beiderseitiges Interesse besteht, abh\u00e4ngig von den geltenden gesetzlichen Fristen. Legitimation: Zustimmung der interessierten Partei oder Vollstreckung eines Vertrages. Empf\u00e4nger: Die Daten k\u00f6nnen an Dritte weitergegeben werden, um den oben genannten Zweck zu erreichen. Wir weisen Sie darauf hin, dass Sie Ihre Rechte auf Zugang, Berichtigung und L\u00f6schung Ihrer Daten sowie die Beschr\u00e4nkung und Widerspruch gegen ihre Verarbeitung schriftlich an die oben angegebene Adresse oder durch Senden einer Nachricht an reservas@yourkar.info aus\u00fcben k\u00f6nnen. Wenn Sie der Meinung sind, dass die Behandlung nicht den geltenden Vorschriften entspricht, k\u00f6nnen Sie eine Beschwerde bei der Aufsichtsbeh\u00f6rde bei Aepd.es einreichen.<\/p>\n<p>[\/vc_column_text][\/vc_column][\/vc_row]<\/p>\n","protected":false},"excerpt":{"rendered":"<p>[vc_row][vc_column][vc_column_text] rechtlicher hinweis YourKar.es In \u00dcbereinstimmung mit den Bestimmungen der geltenden Vorschriften zum Schutz personenbezogener Daten und der Verordnung (EU) 2016\/679 vom 27. April 2016&hellip;<\/p>\n<p><a href=\"https:\/\/www.yourkar.es\/de\/rechtlicher-hinweis\/\" class=\"read-more-link\">Read more<\/a><\/p>\n","protected":false},"author":3,"featured_media":0,"parent":0,"menu_order":0,"comment_status":"closed","ping_status":"closed","template":"","meta":{"footnotes":""},"_links":{"self":[{"href":"https:\/\/www.yourkar.es\/de\/wp-json\/wp\/v2\/pages\/10951"}],"collection":[{"href":"https:\/\/www.yourkar.es\/de\/wp-json\/wp\/v2\/pages"}],"about":[{"href":"https:\/\/www.yourkar.es\/de\/wp-json\/wp\/v2\/types\/page"}],"author":[{"embeddable":true,"href":"https:\/\/www.yourkar.es\/de\/wp-json\/wp\/v2\/users\/3"}],"replies":[{"embeddable":true,"href":"https:\/\/www.yourkar.es\/de\/wp-json\/wp\/v2\/comments?post=10951"}],"version-history":[{"count":7,"href":"https:\/\/www.yourkar.es\/de\/wp-json\/wp\/v2\/pages\/10951\/revisions"}],"predecessor-version":[{"id":11123,"href":"https:\/\/www.yourkar.es\/de\/wp-json\/wp\/v2\/pages\/10951\/revisions\/11123"}],"wp:attachment":[{"href":"https:\/\/www.yourkar.es\/de\/wp-json\/wp\/v2\/media?parent=10951"}],"curies":[{"name":"wp","href":"https:\/\/api.w.org\/{rel}","templated":true}]}}